{"id":6092,"date":"2022-09-08T14:00:34","date_gmt":"2022-09-08T14:00:34","guid":{"rendered":"https:\/\/galiatextil.com\/wordpress\/?post_type=product&#038;p=6092"},"modified":"2022-09-20T20:30:43","modified_gmt":"2022-09-20T20:30:43","slug":"mascarilla-quirurgica-n95","status":"publish","type":"product","link":"https:\/\/galiatextil.com\/wordpress\/?product=mascarilla-quirurgica-n95","title":{"rendered":"Mascarilla Quir\u00fargica N95"},"content":{"rendered":"<p>Mascarilla profesional con eficiencia del 95% ;equipo de protecci\u00f3n personal. Con certificaci\u00f3n NOM 116-STPS-2009. Capa externa repelente. Caja con 20 piezas<\/p>\n","protected":false},"excerpt":{"rendered":"<p>Mascarilla Quir\u00fargica N95<\/p>\n","protected":false},"featured_media":6101,"comment_status":"open","ping_status":"closed","template":"","meta":[],"product_cat":[508],"product_tag":[],"_links":{"self":[{"href":"https:\/\/galiatextil.com\/wordpress\/index.php?rest_route=\/wp\/v2\/product\/6092"}],"collection":[{"href":"https:\/\/galiatextil.com\/wordpress\/index.php?rest_route=\/wp\/v2\/product"}],"about":[{"href":"https:\/\/galiatextil.com\/wordpress\/index.php?rest_route=\/wp\/v2\/types\/product"}],"replies":[{"embeddable":true,"href":"https:\/\/galiatextil.com\/wordpress\/index.php?rest_route=%2Fwp%2Fv2%2Fcomments&post=6092"}],"wp:featuredmedia":[{"embeddable":true,"href":"https:\/\/galiatextil.com\/wordpress\/index.php?rest_route=\/wp\/v2\/media\/6101"}],"wp:attachment":[{"href":"https:\/\/galiatextil.com\/wordpress\/index.php?rest_route=%2Fwp%2Fv2%2Fmedia&parent=6092"}],"wp:term":[{"taxonomy":"product_cat","embeddable":true,"href":"https:\/\/galiatextil.com\/wordpress\/index.php?rest_route=%2Fwp%2Fv2%2Fproduct_cat&post=6092"},{"taxonomy":"product_tag","embeddable":true,"href":"https:\/\/galiatextil.com\/wordpress\/index.php?rest_route=%2Fwp%2Fv2%2Fproduct_tag&post=6092"}],"curies":[{"name":"wp","href":"https:\/\/api.w.org\/{rel}","templated":true}]}}