{"id":5911,"date":"2022-08-23T22:32:08","date_gmt":"2022-08-23T22:32:08","guid":{"rendered":"https:\/\/galiatextil.com\/wordpress\/?product=algodon-torunda-2"},"modified":"2022-09-07T20:57:51","modified_gmt":"2022-09-07T20:57:51","slug":"algodon-torunda-2","status":"publish","type":"product","link":"https:\/\/galiatextil.com\/wordpress\/?product=algodon-torunda-2","title":{"rendered":"Algod\u00f3n Torunda"},"content":{"rendered":"<table class=\"tabla-productos\">\n<tbody>\n<tr>\n<th>Contenido<\/th>\n<th>Caracter\u00edsticas<\/th>\n<\/tr>\n<tr>\n<td>500 g<\/td>\n<td>Torunda<\/td>\n<\/tr>\n<\/tbody>\n<\/table>\n","protected":false},"excerpt":{"rendered":"<p>Material auxiliar en la limpieza y curaci\u00f3n de heridas en la piel, se emplea para presionar y evitar que salga un hematoma despu\u00e9s de una inyecci\u00f3n.<\/p>\n","protected":false},"featured_media":6008,"comment_status":"open","ping_status":"closed","template":"","meta":[],"product_cat":[325],"product_tag":[],"_links":{"self":[{"href":"https:\/\/galiatextil.com\/wordpress\/index.php?rest_route=\/wp\/v2\/product\/5911"}],"collection":[{"href":"https:\/\/galiatextil.com\/wordpress\/index.php?rest_route=\/wp\/v2\/product"}],"about":[{"href":"https:\/\/galiatextil.com\/wordpress\/index.php?rest_route=\/wp\/v2\/types\/product"}],"replies":[{"embeddable":true,"href":"https:\/\/galiatextil.com\/wordpress\/index.php?rest_route=%2Fwp%2Fv2%2Fcomments&post=5911"}],"wp:featuredmedia":[{"embeddable":true,"href":"https:\/\/galiatextil.com\/wordpress\/index.php?rest_route=\/wp\/v2\/media\/6008"}],"wp:attachment":[{"href":"https:\/\/galiatextil.com\/wordpress\/index.php?rest_route=%2Fwp%2Fv2%2Fmedia&parent=5911"}],"wp:term":[{"taxonomy":"product_cat","embeddable":true,"href":"https:\/\/galiatextil.com\/wordpress\/index.php?rest_route=%2Fwp%2Fv2%2Fproduct_cat&post=5911"},{"taxonomy":"product_tag","embeddable":true,"href":"https:\/\/galiatextil.com\/wordpress\/index.php?rest_route=%2Fwp%2Fv2%2Fproduct_tag&post=5911"}],"curies":[{"name":"wp","href":"https:\/\/api.w.org\/{rel}","templated":true}]}}