{"id":5629,"date":"2022-08-06T15:52:27","date_gmt":"2022-08-06T15:52:27","guid":{"rendered":"https:\/\/galiatextil.com\/wordpress\/?product=vendas-enyesadas"},"modified":"2022-09-12T17:20:14","modified_gmt":"2022-09-12T17:20:14","slug":"vendas-enyesadas","status":"publish","type":"product","link":"https:\/\/galiatextil.com\/wordpress\/?product=vendas-enyesadas","title":{"rendered":"Vendas enyesadas"},"content":{"rendered":"<table class='tabla-productos'>\n<tbody>\n<tr>\n<th>Presentaci\u00f3n <\/th>\n<th>Contenido<\/th>\n<\/tr>\n<tr>\n<td>5cm x 2.75m<\/td>\n<td>12 piezas<\/td>\n<\/tr>\n<tr>\n<td>10cm x 2.75m<\/td>\n<td>12 piezas<\/td>\n<\/tr>\n<tr>\n<td>15cm x 2.75m<\/td>\n<td>12 piezas<\/td>\n<\/tr>\n<tr>\n<td>20cm x 2.75m<\/td>\n<td>1 pieza<\/td>\n<\/tr>\n<\/tbody>\n<\/table>\n","protected":false},"excerpt":{"rendered":"<p>Utilizado dentro de los procedimientos terap\u00e9uticos como m\u00e9todo de inmovilizaci\u00f3n como tratamiento de fracturas, previniendo desplazamiento de fragmentos \u00f3seos, exposici\u00f3n del foco y compromiso vascular o nervioso, tratamiento postoperatorio de cirug\u00edas ortop\u00e9dicas.<\/p>\n","protected":false},"featured_media":6011,"comment_status":"open","ping_status":"closed","template":"","meta":[],"product_cat":[325],"product_tag":[],"_links":{"self":[{"href":"https:\/\/galiatextil.com\/wordpress\/index.php?rest_route=\/wp\/v2\/product\/5629"}],"collection":[{"href":"https:\/\/galiatextil.com\/wordpress\/index.php?rest_route=\/wp\/v2\/product"}],"about":[{"href":"https:\/\/galiatextil.com\/wordpress\/index.php?rest_route=\/wp\/v2\/types\/product"}],"replies":[{"embeddable":true,"href":"https:\/\/galiatextil.com\/wordpress\/index.php?rest_route=%2Fwp%2Fv2%2Fcomments&post=5629"}],"wp:featuredmedia":[{"embeddable":true,"href":"https:\/\/galiatextil.com\/wordpress\/index.php?rest_route=\/wp\/v2\/media\/6011"}],"wp:attachment":[{"href":"https:\/\/galiatextil.com\/wordpress\/index.php?rest_route=%2Fwp%2Fv2%2Fmedia&parent=5629"}],"wp:term":[{"taxonomy":"product_cat","embeddable":true,"href":"https:\/\/galiatextil.com\/wordpress\/index.php?rest_route=%2Fwp%2Fv2%2Fproduct_cat&post=5629"},{"taxonomy":"product_tag","embeddable":true,"href":"https:\/\/galiatextil.com\/wordpress\/index.php?rest_route=%2Fwp%2Fv2%2Fproduct_tag&post=5629"}],"curies":[{"name":"wp","href":"https:\/\/api.w.org\/{rel}","templated":true}]}}