{"id":5627,"date":"2022-08-06T15:17:24","date_gmt":"2022-08-06T15:17:24","guid":{"rendered":"https:\/\/galiatextil.com\/wordpress\/?product=bano-de-esponja"},"modified":"2022-09-09T22:00:33","modified_gmt":"2022-09-09T22:00:33","slug":"bano-de-esponja","status":"publish","type":"product","link":"https:\/\/galiatextil.com\/wordpress\/?product=bano-de-esponja","title":{"rendered":"Ba\u00f1o de esponja"},"content":{"rendered":"<table class='tabla-productos'>\n<tbody>\n<tr>\n<th>Caracter\u00edsticas<\/th>\n<th>Contenido<\/th>\n<\/tr>\n<tr>\n<td>De tela no tejida<\/td>\n<td>1 manopla para lavado. 1 manopla para secado<\/td>\n<\/tr>\n<\/tbody>\n<\/table>\n","protected":false},"excerpt":{"rendered":"<p>Manopla para lavado, de tela no tejida, resistente hasta 40\u00b0C de temperatura; hipoalerg\u00e9nica, suave, no irritante a la piel; forma y ajuste anat\u00f3mico e impregnada de substancias tensioactivas y antis\u00e9pticas. Manopla para secado, de tela no tejida, absorbente, hipoalerg\u00e9nica, suave, no irritante a la piel; forma y ajuste anat\u00f3mico. Desechable. Equipo.<\/p>\n","protected":false},"featured_media":6015,"comment_status":"open","ping_status":"closed","template":"","meta":[],"product_cat":[325],"product_tag":[],"_links":{"self":[{"href":"https:\/\/galiatextil.com\/wordpress\/index.php?rest_route=\/wp\/v2\/product\/5627"}],"collection":[{"href":"https:\/\/galiatextil.com\/wordpress\/index.php?rest_route=\/wp\/v2\/product"}],"about":[{"href":"https:\/\/galiatextil.com\/wordpress\/index.php?rest_route=\/wp\/v2\/types\/product"}],"replies":[{"embeddable":true,"href":"https:\/\/galiatextil.com\/wordpress\/index.php?rest_route=%2Fwp%2Fv2%2Fcomments&post=5627"}],"wp:featuredmedia":[{"embeddable":true,"href":"https:\/\/galiatextil.com\/wordpress\/index.php?rest_route=\/wp\/v2\/media\/6015"}],"wp:attachment":[{"href":"https:\/\/galiatextil.com\/wordpress\/index.php?rest_route=%2Fwp%2Fv2%2Fmedia&parent=5627"}],"wp:term":[{"taxonomy":"product_cat","embeddable":true,"href":"https:\/\/galiatextil.com\/wordpress\/index.php?rest_route=%2Fwp%2Fv2%2Fproduct_cat&post=5627"},{"taxonomy":"product_tag","embeddable":true,"href":"https:\/\/galiatextil.com\/wordpress\/index.php?rest_route=%2Fwp%2Fv2%2Fproduct_tag&post=5627"}],"curies":[{"name":"wp","href":"https:\/\/api.w.org\/{rel}","templated":true}]}}