{"id":5623,"date":"2022-08-06T15:17:22","date_gmt":"2022-08-06T15:17:22","guid":{"rendered":"https:\/\/galiatextil.com\/wordpress\/?product=tela-adhesiva-de-acetato"},"modified":"2022-09-09T22:12:22","modified_gmt":"2022-09-09T22:12:22","slug":"tela-adhesiva-de-acetato","status":"publish","type":"product","link":"https:\/\/galiatextil.com\/wordpress\/?product=tela-adhesiva-de-acetato","title":{"rendered":"Tela adhesiva de acetato"},"content":{"rendered":"<table class='tabla-productos'>\n<tbody>\n<tr>\n<th>Presentaci\u00f3n<\/th>\n<th>Contenido<\/th>\n<\/tr>\n<tr>\n<td>1.25cm x 10m<\/td>\n<td>24 piezas<\/td>\n<\/tr>\n<tr>\n<td>2.5cm x 10m<\/td>\n<td>12 piezas<\/td>\n<\/tr>\n<tr>\n<td>5cm x 10m<\/td>\n<td>6 piezas<\/td>\n<\/tr>\n<tr>\n<td>7.5cm  x 10m<\/td>\n<td>4 piezas<\/td>\n<\/tr>\n<\/tbody>\n<\/table>\n","protected":false},"excerpt":{"rendered":"<p>Utilizado en fijaciones de cat\u00e9ter perif\u00e9rico, sonda vesical, c\u00e1nulas endotraqueales, fijaci\u00f3n de material de curaci\u00f3n, agente compresivo y hemost\u00e1tico, pulseras de identificaci\u00f3n<\/p>\n","protected":false},"featured_media":6016,"comment_status":"open","ping_status":"closed","template":"","meta":[],"product_cat":[325],"product_tag":[],"_links":{"self":[{"href":"https:\/\/galiatextil.com\/wordpress\/index.php?rest_route=\/wp\/v2\/product\/5623"}],"collection":[{"href":"https:\/\/galiatextil.com\/wordpress\/index.php?rest_route=\/wp\/v2\/product"}],"about":[{"href":"https:\/\/galiatextil.com\/wordpress\/index.php?rest_route=\/wp\/v2\/types\/product"}],"replies":[{"embeddable":true,"href":"https:\/\/galiatextil.com\/wordpress\/index.php?rest_route=%2Fwp%2Fv2%2Fcomments&post=5623"}],"wp:featuredmedia":[{"embeddable":true,"href":"https:\/\/galiatextil.com\/wordpress\/index.php?rest_route=\/wp\/v2\/media\/6016"}],"wp:attachment":[{"href":"https:\/\/galiatextil.com\/wordpress\/index.php?rest_route=%2Fwp%2Fv2%2Fmedia&parent=5623"}],"wp:term":[{"taxonomy":"product_cat","embeddable":true,"href":"https:\/\/galiatextil.com\/wordpress\/index.php?rest_route=%2Fwp%2Fv2%2Fproduct_cat&post=5623"},{"taxonomy":"product_tag","embeddable":true,"href":"https:\/\/galiatextil.com\/wordpress\/index.php?rest_route=%2Fwp%2Fv2%2Fproduct_tag&post=5623"}],"curies":[{"name":"wp","href":"https:\/\/api.w.org\/{rel}","templated":true}]}}