{"id":4802,"date":"2022-03-14T03:23:37","date_gmt":"2022-03-14T03:23:37","guid":{"rendered":"https:\/\/galiatextil.com\/wordpress\/?post_type=product&#038;p=4802"},"modified":"2022-09-09T16:42:31","modified_gmt":"2022-09-09T16:42:31","slug":"algodon-torunda","status":"publish","type":"product","link":"https:\/\/galiatextil.com\/wordpress\/?product=algodon-torunda","title":{"rendered":"Algod\u00f3n Torunda"},"content":{"rendered":"<table class='tabla-productos'>\n<tbody>\n<tr>\n<th>Presentaci\u00f3n<\/th>\n<th>Caracter\u00edsticas<\/th>\n<\/tr>\n<tr>\n<td>25g, 75g, 500g<\/td>\n<td>Blanqueado,                               Libre de impurezas,                           100% algod\u00f3n,                                   No est\u00e9ril<\/td>\n<\/tr>\n<\/tbody>\n<\/table>\n","protected":false},"excerpt":{"rendered":"<p>Material auxiliar en la limpieza y curaci\u00f3n de heridas en la piel, se emplea para presionar y evitar que salga un hematoma despu\u00e9s de una inyecci\u00f3n<\/p>\n","protected":false},"featured_media":4735,"comment_status":"open","ping_status":"closed","template":"","meta":[],"product_cat":[88],"product_tag":[],"_links":{"self":[{"href":"https:\/\/galiatextil.com\/wordpress\/index.php?rest_route=\/wp\/v2\/product\/4802"}],"collection":[{"href":"https:\/\/galiatextil.com\/wordpress\/index.php?rest_route=\/wp\/v2\/product"}],"about":[{"href":"https:\/\/galiatextil.com\/wordpress\/index.php?rest_route=\/wp\/v2\/types\/product"}],"replies":[{"embeddable":true,"href":"https:\/\/galiatextil.com\/wordpress\/index.php?rest_route=%2Fwp%2Fv2%2Fcomments&post=4802"}],"wp:featuredmedia":[{"embeddable":true,"href":"https:\/\/galiatextil.com\/wordpress\/index.php?rest_route=\/wp\/v2\/media\/4735"}],"wp:attachment":[{"href":"https:\/\/galiatextil.com\/wordpress\/index.php?rest_route=%2Fwp%2Fv2%2Fmedia&parent=4802"}],"wp:term":[{"taxonomy":"product_cat","embeddable":true,"href":"https:\/\/galiatextil.com\/wordpress\/index.php?rest_route=%2Fwp%2Fv2%2Fproduct_cat&post=4802"},{"taxonomy":"product_tag","embeddable":true,"href":"https:\/\/galiatextil.com\/wordpress\/index.php?rest_route=%2Fwp%2Fv2%2Fproduct_tag&post=4802"}],"curies":[{"name":"wp","href":"https:\/\/api.w.org\/{rel}","templated":true}]}}