{"id":4801,"date":"2022-03-14T03:23:37","date_gmt":"2022-03-14T03:23:37","guid":{"rendered":"https:\/\/galiatextil.com\/wordpress\/?post_type=product&#038;p=4801"},"modified":"2022-09-20T21:01:58","modified_gmt":"2022-09-20T21:01:58","slug":"tela-adhesiva","status":"publish","type":"product","link":"https:\/\/galiatextil.com\/wordpress\/?product=tela-adhesiva","title":{"rendered":"Tela Adhesiva"},"content":{"rendered":"<table class=\"tabla-productos\">\n<tbody>\n<tr>\n<th>Presentaci\u00f3n <\/th>\n<th>Contenido<\/th>\n<th>Caracter\u00edsiticas <\/th>\n<\/tr>\n<tr>\n<td>1.25cmx5m<\/td>\n<td>18<\/td>\n<td rowspan=\"6\">Material de curaci\u00f3n, adhesivo sensible a la presi\u00f3n (PSA)\n<\/td>\n<\/tr>\n<tr>\n<td>1.25cmx10m<\/td>\n<td>24<\/td>\n<\/tr>\n<tr>\n<td>2.5cmx10m<\/td>\n<td>12<\/td>\n<\/tr>\n<tr>\n<td>2.5cmx5m<\/td>\n<td>12<\/td>\n<\/tr>\n<tr>\n<td>5cmx10m<\/td>\n<td>6<\/td>\n<\/tr>\n<tr>\n<td>7.5cmx10m<\/td>\n<td>4<\/td>\n<\/tr>\n<\/tbody>\n<\/table>\n","protected":false},"excerpt":{"rendered":"<p>Utilizado en fijaciones de cat\u00e9ter perif\u00e9rico, sonda vesical, c\u00e1nulas endotraqueales, fijaci\u00f3n de material de curaci\u00f3n, agente compresivo y hemost\u00e1tico, pulseras de identificaci\u00f3n<\/p>\n","protected":false},"featured_media":5781,"comment_status":"open","ping_status":"closed","template":"","meta":[],"product_cat":[88],"product_tag":[],"_links":{"self":[{"href":"https:\/\/galiatextil.com\/wordpress\/index.php?rest_route=\/wp\/v2\/product\/4801"}],"collection":[{"href":"https:\/\/galiatextil.com\/wordpress\/index.php?rest_route=\/wp\/v2\/product"}],"about":[{"href":"https:\/\/galiatextil.com\/wordpress\/index.php?rest_route=\/wp\/v2\/types\/product"}],"replies":[{"embeddable":true,"href":"https:\/\/galiatextil.com\/wordpress\/index.php?rest_route=%2Fwp%2Fv2%2Fcomments&post=4801"}],"wp:featuredmedia":[{"embeddable":true,"href":"https:\/\/galiatextil.com\/wordpress\/index.php?rest_route=\/wp\/v2\/media\/5781"}],"wp:attachment":[{"href":"https:\/\/galiatextil.com\/wordpress\/index.php?rest_route=%2Fwp%2Fv2%2Fmedia&parent=4801"}],"wp:term":[{"taxonomy":"product_cat","embeddable":true,"href":"https:\/\/galiatextil.com\/wordpress\/index.php?rest_route=%2Fwp%2Fv2%2Fproduct_cat&post=4801"},{"taxonomy":"product_tag","embeddable":true,"href":"https:\/\/galiatextil.com\/wordpress\/index.php?rest_route=%2Fwp%2Fv2%2Fproduct_tag&post=4801"}],"curies":[{"name":"wp","href":"https:\/\/api.w.org\/{rel}","templated":true}]}}