{"id":4795,"date":"2022-03-14T03:23:36","date_gmt":"2022-03-14T03:23:36","guid":{"rendered":"https:\/\/galiatextil.com\/wordpress\/?post_type=product&#038;p=4795"},"modified":"2022-09-09T17:02:33","modified_gmt":"2022-09-09T17:02:33","slug":"gasa-antimicrobiana","status":"publish","type":"product","link":"https:\/\/galiatextil.com\/wordpress\/?product=gasa-antimicrobiana","title":{"rendered":"Gasa antimicrobiana"},"content":{"rendered":"<p>Gasa antimicrobiana impregnada con cloruro de plata para evitar la proliferaci\u00f3n de microorganismos. Reducci\u00f3n del 98% de actividad microbiana. Gasa Extra absorbente. 100% algod\u00f3n. Tejido 24&#215;20. Esterilizada con \u00f3xido de etileno. 10 y 100 sobres 10&#215;10 en bolsa resellable.<\/p>\n","protected":false},"excerpt":{"rendered":"<p>Gasa antimicrobiana impregnada con cloruro de plata para evitar la proliferaci\u00f3n de microorganismos<\/p>\n","protected":false},"featured_media":5984,"comment_status":"open","ping_status":"closed","template":"","meta":[],"product_cat":[87],"product_tag":[],"_links":{"self":[{"href":"https:\/\/galiatextil.com\/wordpress\/index.php?rest_route=\/wp\/v2\/product\/4795"}],"collection":[{"href":"https:\/\/galiatextil.com\/wordpress\/index.php?rest_route=\/wp\/v2\/product"}],"about":[{"href":"https:\/\/galiatextil.com\/wordpress\/index.php?rest_route=\/wp\/v2\/types\/product"}],"replies":[{"embeddable":true,"href":"https:\/\/galiatextil.com\/wordpress\/index.php?rest_route=%2Fwp%2Fv2%2Fcomments&post=4795"}],"wp:featuredmedia":[{"embeddable":true,"href":"https:\/\/galiatextil.com\/wordpress\/index.php?rest_route=\/wp\/v2\/media\/5984"}],"wp:attachment":[{"href":"https:\/\/galiatextil.com\/wordpress\/index.php?rest_route=%2Fwp%2Fv2%2Fmedia&parent=4795"}],"wp:term":[{"taxonomy":"product_cat","embeddable":true,"href":"https:\/\/galiatextil.com\/wordpress\/index.php?rest_route=%2Fwp%2Fv2%2Fproduct_cat&post=4795"},{"taxonomy":"product_tag","embeddable":true,"href":"https:\/\/galiatextil.com\/wordpress\/index.php?rest_route=%2Fwp%2Fv2%2Fproduct_tag&post=4795"}],"curies":[{"name":"wp","href":"https:\/\/api.w.org\/{rel}","templated":true}]}}