{"id":4790,"date":"2022-03-14T03:23:36","date_gmt":"2022-03-14T03:23:36","guid":{"rendered":"https:\/\/galiatextil.com\/wordpress\/?post_type=product&#038;p=4790"},"modified":"2022-09-07T17:50:18","modified_gmt":"2022-09-07T17:50:18","slug":"gasa-h-para-hemorroides","status":"publish","type":"product","link":"https:\/\/galiatextil.com\/wordpress\/?product=gasa-h-para-hemorroides","title":{"rendered":"Gasa H para Hemorroides"},"content":{"rendered":"<p>Gasa s\u00faper absorbente auxiliar en el tratamiento de hemorroides. Extra absorci\u00f3n de fluidos. Reduce el riesgo de infecci\u00f3n.  Poder as\u00e9ptico que reduce la comez\u00f3n  Reduce el riesgo de infecci\u00f3n y malos olores en la zona afectada. 100% algod\u00f3n. Tejido 24&#215;20. Esterilizada con \u00f3xido de etileno. 10 sobres 10&#215;10 en bolsa resellable.<\/p>\n","protected":false},"excerpt":{"rendered":"<p>Gasa s\u00faper absorbente auxiliar en el tratamiento de hemorroides, impregnada con cloruro de plata <\/p>\n","protected":false},"featured_media":5990,"comment_status":"open","ping_status":"closed","template":"","meta":[],"product_cat":[87],"product_tag":[],"_links":{"self":[{"href":"https:\/\/galiatextil.com\/wordpress\/index.php?rest_route=\/wp\/v2\/product\/4790"}],"collection":[{"href":"https:\/\/galiatextil.com\/wordpress\/index.php?rest_route=\/wp\/v2\/product"}],"about":[{"href":"https:\/\/galiatextil.com\/wordpress\/index.php?rest_route=\/wp\/v2\/types\/product"}],"replies":[{"embeddable":true,"href":"https:\/\/galiatextil.com\/wordpress\/index.php?rest_route=%2Fwp%2Fv2%2Fcomments&post=4790"}],"wp:featuredmedia":[{"embeddable":true,"href":"https:\/\/galiatextil.com\/wordpress\/index.php?rest_route=\/wp\/v2\/media\/5990"}],"wp:attachment":[{"href":"https:\/\/galiatextil.com\/wordpress\/index.php?rest_route=%2Fwp%2Fv2%2Fmedia&parent=4790"}],"wp:term":[{"taxonomy":"product_cat","embeddable":true,"href":"https:\/\/galiatextil.com\/wordpress\/index.php?rest_route=%2Fwp%2Fv2%2Fproduct_cat&post=4790"},{"taxonomy":"product_tag","embeddable":true,"href":"https:\/\/galiatextil.com\/wordpress\/index.php?rest_route=%2Fwp%2Fv2%2Fproduct_tag&post=4790"}],"curies":[{"name":"wp","href":"https:\/\/api.w.org\/{rel}","templated":true}]}}