{"id":4788,"date":"2022-03-14T03:23:36","date_gmt":"2022-03-14T03:23:36","guid":{"rendered":"https:\/\/galiatextil.com\/wordpress\/?post_type=product&#038;p=4788"},"modified":"2022-09-07T17:44:54","modified_gmt":"2022-09-07T17:44:54","slug":"gasa-para-asepsia","status":"publish","type":"product","link":"https:\/\/galiatextil.com\/wordpress\/?product=gasa-para-asepsia","title":{"rendered":"Gasa para Asepsia"},"content":{"rendered":"<p>Gasa especializada para limpieza de heridas impregnada con jab\u00f3n neutro. 100% algod\u00f3n. Tejido 24&#215;20. Esterilizada con \u00f3xido de etileno. 10 sobres 10&#215;10 en bolsa resellable.<\/p>\n","protected":false},"excerpt":{"rendered":"<p>Gasa extra absorbente especializada para limpieza de heridas impregnada con jab\u00f3n neutro <\/p>\n","protected":false},"featured_media":5988,"comment_status":"open","ping_status":"closed","template":"","meta":[],"product_cat":[87],"product_tag":[],"_links":{"self":[{"href":"https:\/\/galiatextil.com\/wordpress\/index.php?rest_route=\/wp\/v2\/product\/4788"}],"collection":[{"href":"https:\/\/galiatextil.com\/wordpress\/index.php?rest_route=\/wp\/v2\/product"}],"about":[{"href":"https:\/\/galiatextil.com\/wordpress\/index.php?rest_route=\/wp\/v2\/types\/product"}],"replies":[{"embeddable":true,"href":"https:\/\/galiatextil.com\/wordpress\/index.php?rest_route=%2Fwp%2Fv2%2Fcomments&post=4788"}],"wp:featuredmedia":[{"embeddable":true,"href":"https:\/\/galiatextil.com\/wordpress\/index.php?rest_route=\/wp\/v2\/media\/5988"}],"wp:attachment":[{"href":"https:\/\/galiatextil.com\/wordpress\/index.php?rest_route=%2Fwp%2Fv2%2Fmedia&parent=4788"}],"wp:term":[{"taxonomy":"product_cat","embeddable":true,"href":"https:\/\/galiatextil.com\/wordpress\/index.php?rest_route=%2Fwp%2Fv2%2Fproduct_cat&post=4788"},{"taxonomy":"product_tag","embeddable":true,"href":"https:\/\/galiatextil.com\/wordpress\/index.php?rest_route=%2Fwp%2Fv2%2Fproduct_tag&post=4788"}],"curies":[{"name":"wp","href":"https:\/\/api.w.org\/{rel}","templated":true}]}}