{"id":4786,"date":"2022-03-14T03:23:36","date_gmt":"2022-03-14T03:23:36","guid":{"rendered":"https:\/\/galiatextil.com\/wordpress\/?post_type=product&#038;p=4786"},"modified":"2022-09-07T17:37:17","modified_gmt":"2022-09-07T17:37:17","slug":"kit-de-curacion","status":"publish","type":"product","link":"https:\/\/galiatextil.com\/wordpress\/?product=kit-de-curacion","title":{"rendered":"Kit de Curaci\u00f3n"},"content":{"rendered":"<p>Kit de curaci\u00f3n para lesiones. Contiene: 3 gasas para asepsia de heridas, 3 gasas antis\u00e9pticas, 3 gasas antimicrobianas,1 rollo de tela adhesiva y 3 sobres de vaselina. Kit perfecto para atender heridas leves al momento. Limpia, desinfecta y protege heridas.<\/p>\n","protected":false},"excerpt":{"rendered":"<p>Kit de curaci\u00f3n para lesiones equipado y pr\u00e1ctico para usar al momento<\/p>\n","protected":false},"featured_media":5986,"comment_status":"open","ping_status":"closed","template":"","meta":[],"product_cat":[87],"product_tag":[],"_links":{"self":[{"href":"https:\/\/galiatextil.com\/wordpress\/index.php?rest_route=\/wp\/v2\/product\/4786"}],"collection":[{"href":"https:\/\/galiatextil.com\/wordpress\/index.php?rest_route=\/wp\/v2\/product"}],"about":[{"href":"https:\/\/galiatextil.com\/wordpress\/index.php?rest_route=\/wp\/v2\/types\/product"}],"replies":[{"embeddable":true,"href":"https:\/\/galiatextil.com\/wordpress\/index.php?rest_route=%2Fwp%2Fv2%2Fcomments&post=4786"}],"wp:featuredmedia":[{"embeddable":true,"href":"https:\/\/galiatextil.com\/wordpress\/index.php?rest_route=\/wp\/v2\/media\/5986"}],"wp:attachment":[{"href":"https:\/\/galiatextil.com\/wordpress\/index.php?rest_route=%2Fwp%2Fv2%2Fmedia&parent=4786"}],"wp:term":[{"taxonomy":"product_cat","embeddable":true,"href":"https:\/\/galiatextil.com\/wordpress\/index.php?rest_route=%2Fwp%2Fv2%2Fproduct_cat&post=4786"},{"taxonomy":"product_tag","embeddable":true,"href":"https:\/\/galiatextil.com\/wordpress\/index.php?rest_route=%2Fwp%2Fv2%2Fproduct_tag&post=4786"}],"curies":[{"name":"wp","href":"https:\/\/api.w.org\/{rel}","templated":true}]}}