{"id":4784,"date":"2022-03-14T03:23:35","date_gmt":"2022-03-14T03:23:35","guid":{"rendered":"https:\/\/galiatextil.com\/wordpress\/?post_type=product&#038;p=4784"},"modified":"2022-09-07T17:55:49","modified_gmt":"2022-09-07T17:55:49","slug":"popwash-kit-de-bano-de-esponja","status":"publish","type":"product","link":"https:\/\/galiatextil.com\/wordpress\/?product=popwash-kit-de-bano-de-esponja","title":{"rendered":"PopWash, kit de ba\u00f1o de esponja"},"content":{"rendered":"<p>Producto especializado para el cuidado e higiene de pacientes hospitalizados o con dificultad motriz. Limpieza profunda y confort durante todo el ba\u00f1o. Contendio: 7 esponjas para ba\u00f1o ( manoplas), 6 burbujas de jab\u00f3n, 3 burbujas de loci\u00f3n capilar, 9 burbujas de agua y 1 toalla absorbente.<\/p>\n","protected":false},"excerpt":{"rendered":"<p>Producto especializado para el cuidado e higiene de pacientes hospitalizados o con dificultad motriz<\/p>\n","protected":false},"featured_media":5992,"comment_status":"open","ping_status":"closed","template":"","meta":[],"product_cat":[87],"product_tag":[],"_links":{"self":[{"href":"https:\/\/galiatextil.com\/wordpress\/index.php?rest_route=\/wp\/v2\/product\/4784"}],"collection":[{"href":"https:\/\/galiatextil.com\/wordpress\/index.php?rest_route=\/wp\/v2\/product"}],"about":[{"href":"https:\/\/galiatextil.com\/wordpress\/index.php?rest_route=\/wp\/v2\/types\/product"}],"replies":[{"embeddable":true,"href":"https:\/\/galiatextil.com\/wordpress\/index.php?rest_route=%2Fwp%2Fv2%2Fcomments&post=4784"}],"wp:featuredmedia":[{"embeddable":true,"href":"https:\/\/galiatextil.com\/wordpress\/index.php?rest_route=\/wp\/v2\/media\/5992"}],"wp:attachment":[{"href":"https:\/\/galiatextil.com\/wordpress\/index.php?rest_route=%2Fwp%2Fv2%2Fmedia&parent=4784"}],"wp:term":[{"taxonomy":"product_cat","embeddable":true,"href":"https:\/\/galiatextil.com\/wordpress\/index.php?rest_route=%2Fwp%2Fv2%2Fproduct_cat&post=4784"},{"taxonomy":"product_tag","embeddable":true,"href":"https:\/\/galiatextil.com\/wordpress\/index.php?rest_route=%2Fwp%2Fv2%2Fproduct_tag&post=4784"}],"curies":[{"name":"wp","href":"https:\/\/api.w.org\/{rel}","templated":true}]}}