{"id":4716,"date":"2022-03-14T00:18:40","date_gmt":"2022-03-14T00:18:40","guid":{"rendered":"https:\/\/galiatextil.com\/wordpress\/?post_type=product&#038;p=4716"},"modified":"2022-09-09T16:51:28","modified_gmt":"2022-09-09T16:51:28","slug":"venda-elastica","status":"publish","type":"product","link":"https:\/\/galiatextil.com\/wordpress\/?product=venda-elastica","title":{"rendered":"Venda Elastica"},"content":{"rendered":"<table class='tabla-productos'>\n<tbody>\n<tr>\n<th>Presentaci\u00f3n<\/th>\n<th>Contenido<\/th>\n<th>Caracter\u00edsticas<\/th>\n<\/tr>\n<tr>\n<td>5cmx5m<\/td>\n<td>12<\/td>\n<td ROWSPAN=\"4\">Material de curaci\u00f3n No est\u00e9ril , Compresi\u00f3n uniforme, Tejido plano , 60% algod\u00f3n 40% poli\u00e9ster<\/td>\n<\/tr>\n<tr>\n<td>10cmx5m<\/td>\n<td>12<\/td>\n<\/tr>\n<tr>\n<td>15cmx5m<\/td>\n<td>12<\/td>\n<\/tr>\n<tr>\n<td>30cmx5m<\/td>\n<td>10<\/td>\n<\/tr>\n<\/tbody>\n<\/table>\n","protected":false},"excerpt":{"rendered":"<p>Utilizado para sostener, comprimir una herida y limitar el sangrado, evita la aparici\u00f3n de edemas o hematomas, como protecci\u00f3n para inmovilizaci\u00f3n, fijaci\u00f3n en luxaciones, fijaci\u00f3n de cat\u00e9teres y curaciones<\/p>\n","protected":false},"featured_media":6006,"comment_status":"open","ping_status":"closed","template":"","meta":[],"product_cat":[88],"product_tag":[],"_links":{"self":[{"href":"https:\/\/galiatextil.com\/wordpress\/index.php?rest_route=\/wp\/v2\/product\/4716"}],"collection":[{"href":"https:\/\/galiatextil.com\/wordpress\/index.php?rest_route=\/wp\/v2\/product"}],"about":[{"href":"https:\/\/galiatextil.com\/wordpress\/index.php?rest_route=\/wp\/v2\/types\/product"}],"replies":[{"embeddable":true,"href":"https:\/\/galiatextil.com\/wordpress\/index.php?rest_route=%2Fwp%2Fv2%2Fcomments&post=4716"}],"wp:featuredmedia":[{"embeddable":true,"href":"https:\/\/galiatextil.com\/wordpress\/index.php?rest_route=\/wp\/v2\/media\/6006"}],"wp:attachment":[{"href":"https:\/\/galiatextil.com\/wordpress\/index.php?rest_route=%2Fwp%2Fv2%2Fmedia&parent=4716"}],"wp:term":[{"taxonomy":"product_cat","embeddable":true,"href":"https:\/\/galiatextil.com\/wordpress\/index.php?rest_route=%2Fwp%2Fv2%2Fproduct_cat&post=4716"},{"taxonomy":"product_tag","embeddable":true,"href":"https:\/\/galiatextil.com\/wordpress\/index.php?rest_route=%2Fwp%2Fv2%2Fproduct_tag&post=4716"}],"curies":[{"name":"wp","href":"https:\/\/api.w.org\/{rel}","templated":true}]}}