

{"id":5063,"date":"2022-04-18T01:49:46","date_gmt":"2022-04-18T01:49:46","guid":{"rendered":"https:\/\/galiatextil.com\/wordpress\/?page_id=5063"},"modified":"2022-10-06T18:39:19","modified_gmt":"2022-10-06T18:39:19","slug":"quienes-somos","status":"publish","type":"page","link":"https:\/\/galiatextil.com\/wordpress\/?page_id=5063","title":{"rendered":"Qui\u00e9nes somos"},"content":{"rendered":"\t\t<div data-elementor-type=\"wp-page\" data-elementor-id=\"5063\" class=\"elementor elementor-5063\" data-elementor-settings=\"[]\">\n\t\t\t\t\t\t\t<div class=\"elementor-section-wrap\">\n\t\t\t\t\t\t\t<section class=\"elementor-section elementor-top-section elementor-element elementor-element-6f3ee40 elementor-section-full_width elementor-section-height-default elementor-section-height-default qodef-elementor-content-no\" data-id=\"6f3ee40\" data-element_type=\"section\">\n\t\t\t\t\t\t<div class=\"elementor-container elementor-column-gap-default\">\n\t\t\t\t\t<div class=\"elementor-column elementor-col-100 elementor-top-column elementor-element elementor-element-b92ada8\" data-id=\"b92ada8\" data-element_type=\"column\">\n\t\t\t<div class=\"elementor-widget-wrap elementor-element-populated\">\n\t\t\t\t\t\t\t\t<div class=\"elementor-element elementor-element-070f443 elementor-widget elementor-widget-image\" data-id=\"070f443\" data-element_type=\"widget\" data-widget_type=\"image.default\">\n\t\t\t\t<div class=\"elementor-widget-container\">\n\t\t\t<style>\/*! elementor - v3.5.5 - 03-02-2022 *\/\n.elementor-widget-image{text-align:center}.elementor-widget-image a{display:inline-block}.elementor-widget-image a img[src$=\".svg\"]{width:48px}.elementor-widget-image img{vertical-align:middle;display:inline-block}<\/style>\t\t\t\t\t\t\t\t\t\t\t\t<img width=\"1920\" height=\"784\" src=\"https:\/\/galiatextil.com\/wordpress\/wp-content\/uploads\/2022\/05\/galia-banner1-quienes-somos.jpg\" class=\"attachment-full size-full\" alt=\"\" srcset=\"https:\/\/galiatextil.com\/wordpress\/wp-content\/uploads\/2022\/05\/galia-banner1-quienes-somos.jpg 1920w, https:\/\/galiatextil.com\/wordpress\/wp-content\/uploads\/2022\/05\/galia-banner1-quienes-somos-300x123.jpg 300w, https:\/\/galiatextil.com\/wordpress\/wp-content\/uploads\/2022\/05\/galia-banner1-quienes-somos-1024x418.jpg 1024w, https:\/\/galiatextil.com\/wordpress\/wp-content\/uploads\/2022\/05\/galia-banner1-quienes-somos-768x314.jpg 768w, https:\/\/galiatextil.com\/wordpress\/wp-content\/uploads\/2022\/05\/galia-banner1-quienes-somos-1536x627.jpg 1536w, https:\/\/galiatextil.com\/wordpress\/wp-content\/uploads\/2022\/05\/galia-banner1-quienes-somos-600x245.jpg 600w\" sizes=\"(max-width: 1920px) 100vw, 1920px\" \/>\t\t\t\t\t\t\t\t\t\t\t\t\t\t\t<\/div>\n\t\t\t\t<\/div>\n\t\t\t\t\t<\/div>\n\t\t<\/div>\n\t\t\t\t\t\t\t<\/div>\n\t\t<\/section>\n\t\t\t\t<section class=\"elementor-section elementor-top-section elementor-element elementor-element-f09052a elementor-section-full_width qodef-elementor-content-grid elementor-section-height-default elementor-section-height-default\" data-id=\"f09052a\" data-element_type=\"section\">\n\t\t\t\t\t\t<div class=\"elementor-container elementor-column-gap-default\">\n\t\t\t\t\t<div class=\"elementor-column elementor-col-50 elementor-top-column elementor-element elementor-element-0d1a5e7\" data-id=\"0d1a5e7\" data-element_type=\"column\">\n\t\t\t<div class=\"elementor-widget-wrap elementor-element-populated\">\n\t\t\t\t\t\t\t\t<div class=\"elementor-element elementor-element-85bcae2 elementor-widget elementor-widget-sante_core_section_title\" data-id=\"85bcae2\" data-element_type=\"widget\" data-widget_type=\"sante_core_section_title.default\">\n\t\t\t\t<div class=\"elementor-widget-container\">\n\t\t\t<div class=\"qodef-shortcode qodef-m main-content qodef-section-title qodef-alignment--left   qodef-st--caption\">\n\t\t    <span class=\"qodef-m-caption\" style=\"margin: 0 0 4px 0;color: #EA7600\">Creamos soluciones para generar el bienestar de las personas.<\/span>\n\t\t<h2 class=\"qodef-m-title\" style=\"color: #003669\">\n\t\t\t\t\t\u00a1Conoce Galia!\t\t\t<\/h2>\n\t\t<p class=\"qodef-m-text\" style=\"margin: 8px 0 0 0;color: #343434\">Somos una empresa 100% mexicana apasionada por construir soluciones para el cuidado de la salud y bienestar. Desde 1974 nuestro compromiso es con los consumidores, ofreciendo el m\u00e1s alto conocimiento, calidad y cuidado en cada uno de nuestros productos y marcas. El valor m\u00e1s importante es nuestra gente y su desarrollo.\n\nNuestra integraci\u00f3n vertical y el conocimiento profundo de la industria de la salud, nos permite crear los mejores productos y marcas. Con tres complejos industriales, maquinaria de punta de clase mundial y nuestra s\u00f3lida experiencia, ofrecemos productos y dispositivos m\u00e9dicos con innovaci\u00f3n y los m\u00e1s altos est\u00e1ndares de la industria.\n\nEn Galia cuidamos lo que + cuidas.<\/p>\n\t    <div class=\"qodef-e-st-button\">\n        <a class=\"qodef-shortcode qodef-m  qodef-button qodef-layout--outlined  qodef-html--link\" href=\"?page_id=1649\" target=\"_self\"  style=\"margin: -4px 0 0 0\">    <div class=\"qodef-button-outlined-wrapper\" >        <span class=\"qodef-m-text\">Cont\u00e1ctanos<\/span>    <\/div>    <span class=\"qodef-outlined-button-background\" ><\/span><\/a>    <\/div>\n\t<\/div>\t\t<\/div>\n\t\t\t\t<\/div>\n\t\t\t\t\t<\/div>\n\t\t<\/div>\n\t\t\t\t<div class=\"elementor-column elementor-col-50 elementor-top-column elementor-element elementor-element-98610cc\" data-id=\"98610cc\" data-element_type=\"column\">\n\t\t\t<div class=\"elementor-widget-wrap elementor-element-populated\">\n\t\t\t\t\t\t\t\t<div class=\"elementor-element elementor-element-003dc97 elementor-widget elementor-widget-sante_core_accordion\" data-id=\"003dc97\" data-element_type=\"widget\" data-widget_type=\"sante_core_accordion.default\">\n\t\t\t\t<div class=\"elementor-widget-container\">\n\t\t\t<div class=\"qodef-shortcode qodef-m  qodef-accordion clear qodef-behavior--accordion qodef-layout--simple\">\n\t<h5 class=\"qodef-accordion-title\">\n\t<span class=\"qodef-tab-title\">\n\t\tMisi\u00f3n\t<\/span>\n\t<span class=\"qodef-accordion-mark\">\n\t\t<span class=\"qodef-icon--chevron\"><span class=\"qodef-icon-linear-icons lnr-chevron-down lnr\" ><\/span><\/span>\n\t<\/span>\n<\/h5>\n<div class=\"qodef-accordion-content\">\n\t<div class=\"qodef-accordion-content-inner\">\n\t\t<p>Desarrollar soluciones con base en <strong data-renderer-mark=\"true\">necesidades humanas<\/strong> pensando siempre en momentos de vida. Guiados por la tecnolog\u00eda e innovaci\u00f3n para satisfacer a nuestros clientes y consumidores.<\/p>\t<\/div>\n<\/div><h5 class=\"qodef-accordion-title\">\n\t<span class=\"qodef-tab-title\">\n\t\tVisi\u00f3n\t<\/span>\n\t<span class=\"qodef-accordion-mark\">\n\t\t<span class=\"qodef-icon--chevron\"><span class=\"qodef-icon-linear-icons lnr-chevron-down lnr\" ><\/span><\/span>\n\t<\/span>\n<\/h5>\n<div class=\"qodef-accordion-content\">\n\t<div class=\"qodef-accordion-content-inner\">\n\t\t<p><strong data-renderer-mark=\"true\">Enriquecer y facilitar la vida <\/strong>de las personas, familias y socios comerciales aportando valor y calidad con nuestros productos y marcas.<\/p>\t<\/div>\n<\/div><h5 class=\"qodef-accordion-title\">\n\t<span class=\"qodef-tab-title\">\n\t\tCertificaciones\t<\/span>\n\t<span class=\"qodef-accordion-mark\">\n\t\t<span class=\"qodef-icon--chevron\"><span class=\"qodef-icon-linear-icons lnr-chevron-down lnr\" ><\/span><\/span>\n\t<\/span>\n<\/h5>\n<div class=\"qodef-accordion-content\">\n\t<div class=\"qodef-accordion-content-inner\">\n\t\t<p data-renderer-start-pos=\"1308\">En Galia Textil nos propusimos obtener la certificaci\u00f3n de nuestro sistema de calidad bajo la norma internacional.<\/p><p data-renderer-start-pos=\"1308\">\u00a0<\/p><p data-renderer-start-pos=\"1424\">ISO 13485<\/p><p data-renderer-start-pos=\"1424\">\u00a0<\/p><p data-renderer-start-pos=\"1435\">desde 2017<\/p><p data-renderer-start-pos=\"1435\">\u00a0<\/p><p data-renderer-start-pos=\"1447\">NOM-241<\/p><p data-renderer-start-pos=\"1447\">\u00a0<\/p><p data-renderer-start-pos=\"1456\">Buenas practicas de fabricaci\u00f3n<\/p><p data-renderer-start-pos=\"1456\">\u00a0<\/p><p data-renderer-start-pos=\"1489\">No ha sido un trabajo f\u00e1cil, pero estamos convencidos de que realizar nuestras actividades diarias operando dentro de un sistema es la base para la mejora continua de nuestros procesos y de nuestros productos.<\/p>\t<\/div>\n<\/div><h5 class=\"qodef-accordion-title\">\n\t<span class=\"qodef-tab-title\">\n\t\tPol\u00edticas de calidad\t<\/span>\n\t<span class=\"qodef-accordion-mark\">\n\t\t<span class=\"qodef-icon--chevron\"><span class=\"qodef-icon-linear-icons lnr-chevron-down lnr\" ><\/span><\/span>\n\t<\/span>\n<\/h5>\n<div class=\"qodef-accordion-content\">\n\t<div class=\"qodef-accordion-content-inner\">\n\t\t<p data-renderer-start-pos=\"1726\">Estamos comprometidos en la fabricaci\u00f3n de dispositivos m\u00e9dicos de calidad que nuestros clientes requieren, dise\u00f1ando nuevos productos que incluyan innovaci\u00f3n y tecnolog\u00eda de punta.<\/p><p data-renderer-start-pos=\"1726\">\u00a0<\/p><p data-renderer-start-pos=\"1909\">Siempre buscando nuevos nichos de oportunidad para consolidar relaciones comerciales con el mercado nacional e internacional, asegurando el cumplimiento de los requisitos de nuestros clientes, las autoridades regulatorias y partes interesadas.<\/p><p data-renderer-start-pos=\"1909\">\u00a0<\/p><p data-renderer-start-pos=\"2154\">Contamos con un equipo de colaboradores involucrados en el crecimiento y mejora de nuestra organizaci\u00f3n.<\/p>\t<\/div>\n<\/div><\/div>\t\t<\/div>\n\t\t\t\t<\/div>\n\t\t\t\t\t<\/div>\n\t\t<\/div>\n\t\t\t\t\t\t\t<\/div>\n\t\t<\/section>\n\t\t\t\t<section class=\"elementor-section elementor-top-section elementor-element elementor-element-ca7bce8 elementor-section-full_width elementor-section-height-default elementor-section-height-default qodef-elementor-content-no\" data-id=\"ca7bce8\" data-element_type=\"section\">\n\t\t\t\t\t\t<div class=\"elementor-container elementor-column-gap-default\">\n\t\t\t\t\t<div class=\"elementor-column elementor-col-100 elementor-top-column elementor-element elementor-element-5827f78\" data-id=\"5827f78\" data-element_type=\"column\">\n\t\t\t<div class=\"elementor-widget-wrap elementor-element-populated\">\n\t\t\t\t\t\t\t\t<div class=\"elementor-element elementor-element-89ae983 elementor-widget elementor-widget-sante_core_banner\" data-id=\"89ae983\" data-element_type=\"widget\" data-widget_type=\"sante_core_banner.default\">\n\t\t\t\t<div class=\"elementor-widget-container\">\n\t\t\t<div class=\"qodef-shortcode qodef-m banner-cta-home qodef-banner qodef-layout--link-button\">\n\t<div class=\"qodef-m-image\">\n\t<img width=\"1920\" height=\"980\" src=\"https:\/\/galiatextil.com\/wordpress\/wp-content\/uploads\/2022\/10\/Galia-Quienes-Somos.webp\" class=\"attachment-full size-full\" alt=\"\" srcset=\"https:\/\/galiatextil.com\/wordpress\/wp-content\/uploads\/2022\/10\/Galia-Quienes-Somos.webp 1920w, https:\/\/galiatextil.com\/wordpress\/wp-content\/uploads\/2022\/10\/Galia-Quienes-Somos-300x153.webp 300w, https:\/\/galiatextil.com\/wordpress\/wp-content\/uploads\/2022\/10\/Galia-Quienes-Somos-1024x523.webp 1024w, https:\/\/galiatextil.com\/wordpress\/wp-content\/uploads\/2022\/10\/Galia-Quienes-Somos-768x392.webp 768w, https:\/\/galiatextil.com\/wordpress\/wp-content\/uploads\/2022\/10\/Galia-Quienes-Somos-1536x784.webp 1536w, https:\/\/galiatextil.com\/wordpress\/wp-content\/uploads\/2022\/10\/Galia-Quienes-Somos-600x306.webp 600w\" sizes=\"(max-width: 1920px) 100vw, 1920px\" \/><\/div>\t<div class=\"qodef-m-content\">\n\t\t<div class=\"qodef-m-content-inner\">\n\t\t\t\t\t\t\t<h2 class=\"qodef-m-title\" >\n\tSomos Galia\t<\/h2>\n\t\t\t\t\t\t\t<h4 class=\"qodef-m-text\" >\n\tCalidad y compromiso en nuestros productos\t<\/h4>\n\t\t\t            <div class=\"qodef-m-button\">\n            <a class=\"qodef-shortcode qodef-m  qodef-button qodef-layout--outlined  qodef-html--link\" href=\"?page_id=4146\" target=\"_self\"  >    <div class=\"qodef-button-outlined-wrapper\" >        <span class=\"qodef-m-text\">Conoce +<\/span>    <\/div>    <span class=\"qodef-outlined-button-background\" ><\/span><\/a>        <\/div>\n    \t\t<\/div>\n\t<\/div>\n<\/div>\t\t<\/div>\n\t\t\t\t<\/div>\n\t\t\t\t\t<\/div>\n\t\t<\/div>\n\t\t\t\t\t\t\t<\/div>\n\t\t<\/section>\n\t\t\t\t<section class=\"elementor-section elementor-top-section elementor-element elementor-element-137a5e91 qodef-elementor-content-grid elementor-section-full_width elementor-section-height-default elementor-section-height-default\" data-id=\"137a5e91\" data-element_type=\"section\">\n\t\t\t\t\t\t<div class=\"elementor-container elementor-column-gap-default\">\n\t\t\t\t\t<div class=\"elementor-column elementor-col-100 elementor-top-column elementor-element elementor-element-4f9de811\" data-id=\"4f9de811\" data-element_type=\"column\">\n\t\t\t<div class=\"elementor-widget-wrap elementor-element-populated\">\n\t\t\t\t\t\t\t\t<div class=\"elementor-element elementor-element-5badfb74 elementor-widget__width-initial elementor-widget elementor-widget-sante_core_section_title\" data-id=\"5badfb74\" data-element_type=\"widget\" data-widget_type=\"sante_core_section_title.default\">\n\t\t\t\t<div class=\"elementor-widget-container\">\n\t\t\t<div class=\"qodef-shortcode qodef-m  qodef-section-title qodef-alignment--center   \">\n\t    <div class=\"qodef-st-image\">\n        <img width=\"115\" height=\"53\" src=\"https:\/\/galiatextil.com\/wordpress\/wp-content\/uploads\/2022\/02\/title-icon.png\" class=\"attachment-full size-full\" alt=\"\" \/>    <\/div>\n\t\t\t<h2 class=\"qodef-m-title\" style=\"color: #003669\">\n\t\t\t\t\tNuestro Blog\t\t\t<\/h2>\n\t\t\t<\/div>\t\t<\/div>\n\t\t\t\t<\/div>\n\t\t\t\t<div class=\"elementor-element elementor-element-1c98a629 elementor-widget elementor-widget-text-editor\" data-id=\"1c98a629\" data-element_type=\"widget\" data-widget_type=\"text-editor.default\">\n\t\t\t\t<div class=\"elementor-widget-container\">\n\t\t\t<style>\/*! elementor - v3.5.5 - 03-02-2022 *\/\n.elementor-widget-text-editor.elementor-drop-cap-view-stacked .elementor-drop-cap{background-color:#818a91;color:#fff}.elementor-widget-text-editor.elementor-drop-cap-view-framed .elementor-drop-cap{color:#818a91;border:3px solid;background-color:transparent}.elementor-widget-text-editor:not(.elementor-drop-cap-view-default) .elementor-drop-cap{margin-top:8px}.elementor-widget-text-editor:not(.elementor-drop-cap-view-default) .elementor-drop-cap-letter{width:1em;height:1em}.elementor-widget-text-editor .elementor-drop-cap{float:left;text-align:center;line-height:1;font-size:50px}.elementor-widget-text-editor .elementor-drop-cap-letter{display:inline-block}<\/style>\t\t\t\t\t\t\t\t\t\t<\/div>\n\t\t\t\t<\/div>\n\t\t\t\t<div class=\"elementor-element elementor-element-631a9b44 elementor-widget-divider--view-line elementor-widget elementor-widget-divider\" data-id=\"631a9b44\" data-element_type=\"widget\" data-widget_type=\"divider.default\">\n\t\t\t\t<div class=\"elementor-widget-container\">\n\t\t\t<style>\/*! elementor - v3.5.5 - 03-02-2022 *\/\n.elementor-widget-divider{--divider-border-style:none;--divider-border-width:1px;--divider-color:#2c2c2c;--divider-icon-size:20px;--divider-element-spacing:10px;--divider-pattern-height:24px;--divider-pattern-size:20px;--divider-pattern-url:none;--divider-pattern-repeat:repeat-x}.elementor-widget-divider .elementor-divider{display:-webkit-box;display:-ms-flexbox;display:flex}.elementor-widget-divider .elementor-divider__text{font-size:15px;line-height:1;max-width:95%}.elementor-widget-divider .elementor-divider__element{margin:0 var(--divider-element-spacing);-ms-flex-negative:0;flex-shrink:0}.elementor-widget-divider .elementor-icon{font-size:var(--divider-icon-size)}.elementor-widget-divider .elementor-divider-separator{display:-webkit-box;display:-ms-flexbox;display:flex;margin:0;direction:ltr}.elementor-widget-divider--view-line_icon .elementor-divider-separator,.elementor-widget-divider--view-line_text .elementor-divider-separator{-webkit-box-align:center;-ms-flex-align:center;align-items:center}.elementor-widget-divider--view-line_icon .elementor-divider-separator:after,.elementor-widget-divider--view-line_icon .elementor-divider-separator:before,.elementor-widget-divider--view-line_text .elementor-divider-separator:after,.elementor-widget-divider--view-line_text .elementor-divider-separator:before{display:block;content:\"\";border-bottom:0;-webkit-box-flex:1;-ms-flex-positive:1;flex-grow:1;border-top:var(--divider-border-width) var(--divider-border-style) var(--divider-color)}.elementor-widget-divider--element-align-left .elementor-divider .elementor-divider-separator>.elementor-divider__svg:first-of-type{-webkit-box-flex:0;-ms-flex-positive:0;flex-grow:0;-ms-flex-negative:100;flex-shrink:100}.elementor-widget-divider--element-align-left .elementor-divider-separator:before{content:none}.elementor-widget-divider--element-align-left .elementor-divider__element{margin-left:0}.elementor-widget-divider--element-align-right .elementor-divider .elementor-divider-separator>.elementor-divider__svg:last-of-type{-webkit-box-flex:0;-ms-flex-positive:0;flex-grow:0;-ms-flex-negative:100;flex-shrink:100}.elementor-widget-divider--element-align-right .elementor-divider-separator:after{content:none}.elementor-widget-divider--element-align-right .elementor-divider__element{margin-right:0}.elementor-widget-divider:not(.elementor-widget-divider--view-line_text):not(.elementor-widget-divider--view-line_icon) .elementor-divider-separator{border-top:var(--divider-border-width) var(--divider-border-style) var(--divider-color)}.elementor-widget-divider--separator-type-pattern{--divider-border-style:none}.elementor-widget-divider--separator-type-pattern.elementor-widget-divider--view-line .elementor-divider-separator,.elementor-widget-divider--separator-type-pattern:not(.elementor-widget-divider--view-line) .elementor-divider-separator:after,.elementor-widget-divider--separator-type-pattern:not(.elementor-widget-divider--view-line) .elementor-divider-separator:before,.elementor-widget-divider--separator-type-pattern:not([class*=elementor-widget-divider--view]) .elementor-divider-separator{width:100%;min-height:var(--divider-pattern-height);-webkit-mask-size:var(--divider-pattern-size) 100%;mask-size:var(--divider-pattern-size) 100%;-webkit-mask-repeat:var(--divider-pattern-repeat);mask-repeat:var(--divider-pattern-repeat);background-color:var(--divider-color);-webkit-mask-image:var(--divider-pattern-url);mask-image:var(--divider-pattern-url)}.elementor-widget-divider--no-spacing{--divider-pattern-size:auto}.elementor-widget-divider--bg-round{--divider-pattern-repeat:round}.rtl .elementor-widget-divider .elementor-divider__text{direction:rtl}<\/style>\t\t<div class=\"elementor-divider\">\n\t\t\t<span class=\"elementor-divider-separator\">\n\t\t\t\t\t\t<\/span>\n\t\t<\/div>\n\t\t\t\t<\/div>\n\t\t\t\t<\/div>\n\t\t\t\t\t<\/div>\n\t\t<\/div>\n\t\t\t\t\t\t\t<\/div>\n\t\t<\/section>\n\t\t\t\t<section class=\"elementor-section elementor-top-section elementor-element elementor-element-b2499f5 qodef-elementor-content-grid elementor-section-full_width elementor-section-height-default elementor-section-height-default\" data-id=\"b2499f5\" data-element_type=\"section\">\n\t\t\t\t\t\t<div class=\"elementor-container elementor-column-gap-default\">\n\t\t\t\t\t<div class=\"elementor-column elementor-col-100 elementor-top-column elementor-element elementor-element-b9e6cd6\" data-id=\"b9e6cd6\" data-element_type=\"column\">\n\t\t\t<div class=\"elementor-widget-wrap elementor-element-populated\">\n\t\t\t\t\t\t\t\t<div class=\"elementor-element elementor-element-4da8528 elementor-widget elementor-widget-sante_core_blog_list\" data-id=\"4da8528\" data-element_type=\"widget\" data-widget_type=\"sante_core_blog_list.default\">\n\t\t\t\t<div class=\"elementor-widget-container\">\n\t\t\t<div class=\"qodef-shortcode qodef-m home-blog qodef-blog qodef--list qodef-item-layout--standard qodef-grid qodef-layout--columns  qodef-gutter--normal qodef-col-num--3 qodef-item-layout--standard qodef--no-bottom-space qodef-pagination--off qodef-responsive--predefined\" data-options=\"{&quot;plugin&quot;:&quot;sante_core&quot;,&quot;module&quot;:&quot;blog\\\/shortcodes&quot;,&quot;shortcode&quot;:&quot;blog-list&quot;,&quot;post_type&quot;:&quot;post&quot;,&quot;next_page&quot;:&quot;2&quot;,&quot;max_pages_num&quot;:1,&quot;custom_class&quot;:&quot;home-blog&quot;,&quot;behavior&quot;:&quot;columns&quot;,&quot;images_proportion&quot;:&quot;full&quot;,&quot;columns&quot;:&quot;3&quot;,&quot;columns_responsive&quot;:&quot;predefined&quot;,&quot;space&quot;:&quot;normal&quot;,&quot;posts_per_page&quot;:&quot;3&quot;,&quot;orderby&quot;:&quot;date&quot;,&quot;order&quot;:&quot;ASC&quot;,&quot;layout&quot;:&quot;standard&quot;,&quot;title_tag&quot;:&quot;h4&quot;,&quot;excerpt_length&quot;:&quot;120&quot;,&quot;pagination_type&quot;:&quot;no-pagination&quot;,&quot;object_class_name&quot;:&quot;SanteCoreBlogListShortcode&quot;,&quot;taxonomy_filter&quot;:&quot;category&quot;,&quot;space_value&quot;:15}\">\n\t\t<div class=\"qodef-grid-inner clear\">\n\t\t<article class=\"qodef-e qodef-blog-item qodef-grid-item qodef-item--full post-4965 post type-post status-publish format-standard has-post-thumbnail hentry category-general\">\n\t<div class=\"qodef-e-inner\">\n\t\t<div class=\"qodef-e-media\">\n\n\t\t<div class=\"qodef-e-media-image\">\n\t\t<a itemprop=\"url\" href=\"https:\/\/galiatextil.com\/wordpress\/?p=4965\">\n\t\t\t<img width=\"1300\" height=\"812\" src=\"https:\/\/galiatextil.com\/wordpress\/wp-content\/uploads\/2022\/04\/5-razones-gasas-casa.jpg\" class=\"attachment-full size-full\" alt=\"\" srcset=\"https:\/\/galiatextil.com\/wordpress\/wp-content\/uploads\/2022\/04\/5-razones-gasas-casa.jpg 1300w, https:\/\/galiatextil.com\/wordpress\/wp-content\/uploads\/2022\/04\/5-razones-gasas-casa-300x187.jpg 300w, https:\/\/galiatextil.com\/wordpress\/wp-content\/uploads\/2022\/04\/5-razones-gasas-casa-1024x640.jpg 1024w, https:\/\/galiatextil.com\/wordpress\/wp-content\/uploads\/2022\/04\/5-razones-gasas-casa-768x480.jpg 768w, https:\/\/galiatextil.com\/wordpress\/wp-content\/uploads\/2022\/04\/5-razones-gasas-casa-600x375.jpg 600w\" sizes=\"(max-width: 1300px) 100vw, 1300px\" \/>\t\t<\/a>\n\t<\/div>\n    <div itemprop=\"dateCreated\" class=\"qodef-e-info-item qodef-e-info-date entry-date \">\n\t<a itemprop=\"url\" href=\"https:\/\/galiatextil.com\/wordpress\/?m=202204\">\n        <span class=\"qodef-date-element qodef--month\">Abr<\/span>\n        <span class=\"qodef-date-element qodef--day\">10<\/span>\n        <span class=\"qodef-date-element qodef--year\">2022<\/span>\n    <\/a>\n<\/div><\/div>\t\t<div class=\"qodef-e-content\">\n\t\t\t<div class=\"qodef-e-info qodef-info--top\">\n\t\t\t\t<div class=\"qodef-e-info-item qodef-e-info-category\">\n\t<a href=\"https:\/\/galiatextil.com\/wordpress\/?cat=1\" rel=\"category\">General<\/a><\/div>                \t\t\t<\/div>\n\t\t\t<div class=\"qodef-e-text\">\n\t\t\t\t<h4 itemprop=\"name\" class=\"qodef-e-title entry-title\">\n\t\t\t<a itemprop=\"url\" class=\"qodef-e-title-link\" href=\"https:\/\/galiatextil.com\/wordpress\/?p=4965\">\n\t\t\t5 Razones para siempre tener gasas en casa\t\t\t<\/a>\n\t<\/h4>\n\t\t<p itemprop=\"description\" class=\"qodef-e-excerpt\">\n\t\t\tYa sea para primeros auxilios, cuidado personal o limpieza corporal, las gasas son indispensables en cualquier hogar, pu\t\t<\/p>\n\t\t\t\t<\/div>\n\t\t\t<div class=\"qodef-e-info qodef-info--bottom\">\n\t\t\t\t<div class=\"qodef-e-info-left\">\n\t\t\t\t\t\t<div class=\"qodef-e-read-more\">\n\t\t<a class=\"qodef-shortcode qodef-m  qodef-button qodef-layout--textual  qodef-html--link\" href=\"https:\/\/galiatextil.com\/wordpress\/?p=4965\" target=\"_self\"  >\t<span class=\"qodef-m-text\">Read More<\/span><\/a>\t<\/div>\n\t\t\t\t<\/div>\n\t\t\t\t<div class=\"qodef-e-info-right\">\n\n\t\t\t\t<\/div>\n\t\t\t<\/div>\n\t\t<\/div>\n\t<\/div>\n<\/article>\n\t<\/div>\n\t<\/div>\t\t<\/div>\n\t\t\t\t<\/div>\n\t\t\t\t\t<\/div>\n\t\t<\/div>\n\t\t\t\t\t\t\t<\/div>\n\t\t<\/section>\n\t\t\t\t\t\t<\/div>\n\t\t\t\t\t<\/div>\n\t\t","protected":false},"excerpt":{"rendered":"<p>\/*! elementor &#8211; v3.5.5 &#8211; 03-02-2022 *\/ .elementor-widget-image{text-align:center}.elementor-widget-image a{display:inline-block}.elementor-widget-image a img[src$=\u00bb.svg\u00bb]{width:48px}.elementor-widget-image img{vertical-align:middle;display:inline-block} Creamos soluciones para generar el bienestar de las personas. \u00a1Conoce Galia! Somos una empresa 100% mexicana apasionada por construir soluciones para el cuidado de la salud y bienestar. Desde 1974 nuestro compromiso es con los consumidores, ofreciendo el m\u00e1s alto conocimiento, calidad y [&hellip;]<\/p>\n","protected":false},"author":1,"featured_media":0,"parent":0,"menu_order":0,"comment_status":"closed","ping_status":"closed","template":"page-full-width.php","meta":[],"_links":{"self":[{"href":"https:\/\/galiatextil.com\/wordpress\/index.php?rest_route=\/wp\/v2\/pages\/5063"}],"collection":[{"href":"https:\/\/galiatextil.com\/wordpress\/index.php?rest_route=\/wp\/v2\/pages"}],"about":[{"href":"https:\/\/galiatextil.com\/wordpress\/index.php?rest_route=\/wp\/v2\/types\/page"}],"author":[{"embeddable":true,"href":"https:\/\/galiatextil.com\/wordpress\/index.php?rest_route=\/wp\/v2\/users\/1"}],"replies":[{"embeddable":true,"href":"https:\/\/galiatextil.com\/wordpress\/index.php?rest_route=%2Fwp%2Fv2%2Fcomments&post=5063"}],"version-history":[{"count":63,"href":"https:\/\/galiatextil.com\/wordpress\/index.php?rest_route=\/wp\/v2\/pages\/5063\/revisions"}],"predecessor-version":[{"id":6247,"href":"https:\/\/galiatextil.com\/wordpress\/index.php?rest_route=\/wp\/v2\/pages\/5063\/revisions\/6247"}],"wp:attachment":[{"href":"https:\/\/galiatextil.com\/wordpress\/index.php?rest_route=%2Fwp%2Fv2%2Fmedia&parent=5063"}],"curies":[{"name":"wp","href":"https:\/\/api.w.org\/{rel}","templated":true}]}}