

{"id":5045,"date":"2022-04-16T22:37:12","date_gmt":"2022-04-16T22:37:12","guid":{"rendered":"https:\/\/galiatextil.com\/wordpress\/?page_id=5045"},"modified":"2022-10-06T21:58:03","modified_gmt":"2022-10-06T21:58:03","slug":"contact-us","status":"publish","type":"page","link":"https:\/\/galiatextil.com\/wordpress\/?page_id=5045&lang=en","title":{"rendered":"Contact Us"},"content":{"rendered":"\t\t<div data-elementor-type=\"wp-page\" data-elementor-id=\"5045\" class=\"elementor elementor-5045\" data-elementor-settings=\"[]\">\n\t\t\t\t\t\t\t<div class=\"elementor-section-wrap\">\n\t\t\t\t\t\t\t<section class=\"elementor-section elementor-top-section elementor-element elementor-element-59878c0 elementor-section-full_width elementor-section-content-middle elementor-section-height-default elementor-section-height-default qodef-elementor-content-no\" data-id=\"59878c0\" data-element_type=\"section\">\n\t\t\t\t\t\t<div class=\"elementor-container elementor-column-gap-no\">\n\t\t\t\t\t<div class=\"elementor-column elementor-col-100 elementor-top-column elementor-element elementor-element-bd10733\" data-id=\"bd10733\" data-element_type=\"column\">\n\t\t\t<div class=\"elementor-widget-wrap elementor-element-populated\">\n\t\t\t\t\t\t\t\t<div class=\"elementor-element elementor-element-f53d4a2 elementor-widget elementor-widget-google_maps\" data-id=\"f53d4a2\" data-element_type=\"widget\" data-widget_type=\"google_maps.default\">\n\t\t\t\t<div class=\"elementor-widget-container\">\n\t\t\t<style>\/*! elementor - v3.5.5 - 03-02-2022 *\/\n.elementor-widget-google_maps .elementor-widget-container{overflow:hidden}.elementor-widget-google_maps iframe{height:300px}<\/style>\t\t<div class=\"elementor-custom-embed\">\n\t\t\t<iframe frameborder=\"0\" scrolling=\"no\" marginheight=\"0\" marginwidth=\"0\"\n\t\t\t\t\tsrc=\"https:\/\/maps.google.com\/maps?q=Paseo%20de%20la%20Reforma%20383%2C%20piso%207%2C%20Col.%20Cuauht%C3%A9moc%2C%20Del.%20Cuauht%C3%A9moc%2C%2006500%2C%20CDMX.&#038;t=m&#038;z=15&#038;output=embed&#038;iwloc=near\"\n\t\t\t\t\ttitle=\"Paseo de la Reforma 383, piso 7, Col. Cuauht\u00e9moc, Del. Cuauht\u00e9moc, 06500, CDMX.\"\n\t\t\t\t\taria-label=\"Paseo de la Reforma 383, piso 7, Col. Cuauht\u00e9moc, Del. Cuauht\u00e9moc, 06500, CDMX.\"\n\t\t\t><\/iframe>\n\t\t<\/div>\n\t\t\t\t<\/div>\n\t\t\t\t<\/div>\n\t\t\t\t\t<\/div>\n\t\t<\/div>\n\t\t\t\t\t\t\t<\/div>\n\t\t<\/section>\n\t\t\t\t<section class=\"elementor-section elementor-top-section elementor-element elementor-element-6bc6cd2 elementor-section-full_width qodef-elementor-content-grid elementor-section-height-default elementor-section-height-default\" data-id=\"6bc6cd2\" data-element_type=\"section\" data-settings=\"{&quot;background_background&quot;:&quot;classic&quot;}\">\n\t\t\t\t\t\t<div class=\"elementor-container elementor-column-gap-default\">\n\t\t\t\t\t<div class=\"elementor-column elementor-col-50 elementor-top-column elementor-element elementor-element-d9f079f qodef-custom\" data-id=\"d9f079f\" data-element_type=\"column\">\n\t\t\t<div class=\"elementor-widget-wrap elementor-element-populated\">\n\t\t\t\t\t\t\t\t<div class=\"elementor-element elementor-element-63de6740 elementor-widget elementor-widget-sante_core_section_title\" data-id=\"63de6740\" data-element_type=\"widget\" data-widget_type=\"sante_core_section_title.default\">\n\t\t\t\t<div class=\"elementor-widget-container\">\n\t\t\t<div class=\"qodef-shortcode qodef-m  qodef-section-title qodef-alignment--left   \">\n\t\t\t\t<h2 class=\"qodef-m-title\" style=\"color: #003669\">\n\t\t\t\t\tContact us\t\t\t<\/h2>\n\t\t<p class=\"qodef-m-text\" style=\"margin: 11px 0 -10px 0\">For further information, leave us a message.<\/p>\n\t\t    <div class=\"qodef-st-underline\">\n        <span class=\"qodef-st-underline-line\" style=\"background-color: #EA7600\"><\/span>\n    <\/div>\n<\/div>\t\t<\/div>\n\t\t\t\t<\/div>\n\t\t\t\t<div class=\"elementor-element elementor-element-3e4da041 elementor-widget elementor-widget-sante_core_icon_list_item\" data-id=\"3e4da041\" data-element_type=\"widget\" data-widget_type=\"sante_core_icon_list_item.default\">\n\t\t\t\t<div class=\"elementor-widget-container\">\n\t\t\t<div class=\"qodef-icon-list-item qodef-icon--icon-pack\" >\n\t<h6 class=\"qodef-e-title\" >\n\t\t\t\t\t<a itemprop=\"url\" href=\"https:\/\/www.google.com\/maps\/place\/27+Rue+du+Calvaire,+60000+Till%C3%A9,+France\/@49.4674853,2.1140513,17z\/data=!3m1!4b1!4m5!3m4!1s0x47e7070a0dade3c9:0xa6e0b3fc2525e147!8m2!3d49.4674818!4d2.11624\" target=\"_self\">\n\t\t\t\t\t<span class=\"qodef-e-title-inner\">\n\t\t\t\t<span class=\"qodef-shortcode qodef-m  qodef-icon-holder  qodef-layout--normal \"  >\t        <span class=\"qodef-icon-linear-icons lnr-apartment lnr qodef-icon qodef-e\" style=\"color: #EA7600;font-size: 26px\" ><\/span>    <\/span>\t\t\t\t<span class=\"qodef-e-title-text\">Av. Paseo de la Reforma 250 Torre B, Piso 8 Ju\u00e1rez, Cuauht\u00e9moc. Cd. de M\u00e9xico C.P. 06600<\/span>\n\t\t\t<\/span>\n\t\t\t\t\t<\/a>\n\t\t\t<\/h6>\n<\/div>\t\t<\/div>\n\t\t\t\t<\/div>\n\t\t\t\t<div class=\"elementor-element elementor-element-7a12e3ca elementor-widget elementor-widget-sante_core_icon_list_item\" data-id=\"7a12e3ca\" data-element_type=\"widget\" data-widget_type=\"sante_core_icon_list_item.default\">\n\t\t\t\t<div class=\"elementor-widget-container\">\n\t\t\t<div class=\"qodef-icon-list-item qodef-icon--icon-pack\" >\n\t<h6 class=\"qodef-e-title\" >\n\t\t\t\t\t<a itemprop=\"url\" href=\"https:\/\/www.google.com\/maps\/place\/27+Rue+du+Calvaire,+60000+Till%C3%A9,+France\/@49.4674853,2.1140513,17z\/data=!3m1!4b1!4m5!3m4!1s0x47e7070a0dade3c9:0xa6e0b3fc2525e147!8m2!3d49.4674818!4d2.11624\" target=\"_self\">\n\t\t\t\t\t<span class=\"qodef-e-title-inner\">\n\t\t\t\t<span class=\"qodef-shortcode qodef-m  qodef-icon-holder  qodef-layout--normal \"  >\t        <span class=\"qodef-icon-linear-icons lnr-calendar-full lnr qodef-icon qodef-e\" style=\"color: #EA7600;font-size: 25px\" ><\/span>    <\/span>\t\t\t\t<span class=\"qodef-e-title-text\">(246) 4616066<\/span>\n\t\t\t<\/span>\n\t\t\t\t\t<\/a>\n\t\t\t<\/h6>\n<\/div>\t\t<\/div>\n\t\t\t\t<\/div>\n\t\t\t\t<div class=\"elementor-element elementor-element-ceca870 elementor-widget elementor-widget-sante_core_icon_list_item\" data-id=\"ceca870\" data-element_type=\"widget\" data-widget_type=\"sante_core_icon_list_item.default\">\n\t\t\t\t<div class=\"elementor-widget-container\">\n\t\t\t<div class=\"qodef-icon-list-item qodef-icon--icon-pack\" >\n\t<h5 class=\"qodef-e-title\" style=\"color: #003669\">\n\t\t\t\t\t<span class=\"qodef-e-title-inner\">\n\t\t\t\t<span class=\"qodef-shortcode qodef-m  qodef-icon-holder  qodef-layout--normal \"  >\t        <span class=\"qodef-icon-linear-icons lnr-envelope lnr qodef-icon qodef-e\" style=\"color: #EA7600;font-size: 25px\" ><\/span>    <\/span>\t\t\t\t<span class=\"qodef-e-title-text\">Mass Sales<\/span>\n\t\t\t<\/span>\n\t\t\t<\/h5>\n<\/div>\t\t<\/div>\n\t\t\t\t<\/div>\n\t\t\t\t<div class=\"elementor-element elementor-element-4a5c6c0 detail-email-contact elementor-widget elementor-widget-heading\" data-id=\"4a5c6c0\" data-element_type=\"widget\" data-widget_type=\"heading.default\">\n\t\t\t\t<div class=\"elementor-widget-container\">\n\t\t\t<style>\/*! elementor - v3.5.5 - 03-02-2022 *\/\n.elementor-heading-title{padding:0;margin:0;line-height:1}.elementor-widget-heading .elementor-heading-title[class*=elementor-size-]>a{color:inherit;font-size:inherit;line-height:inherit}.elementor-widget-heading .elementor-heading-title.elementor-size-small{font-size:15px}.elementor-widget-heading .elementor-heading-title.elementor-size-medium{font-size:19px}.elementor-widget-heading .elementor-heading-title.elementor-size-large{font-size:29px}.elementor-widget-heading .elementor-heading-title.elementor-size-xl{font-size:39px}.elementor-widget-heading .elementor-heading-title.elementor-size-xxl{font-size:59px}<\/style><span class=\"elementor-heading-title elementor-size-small\"><a href=\"&#109;&#x61;&#x69;l&#116;&#x6f;&#x3a;v&#101;&#x6e;t&#97;&#x73;&#x40;g&#97;&#x6c;i&#97;&#x74;&#x65;x&#116;&#x69;&#x6c;&#46;&#x63;&#x6f;m\">ventas&#64;g&#97;&#108;&#105;&#97;&#116;&#101;&#120;&#116;&#105;&#108;&#x2e;&#x63;&#x6f;&#x6d;<\/a><\/span>\t\t<\/div>\n\t\t\t\t<\/div>\n\t\t\t\t<div class=\"elementor-element elementor-element-97f7ce0 elementor-widget elementor-widget-sante_core_icon_list_item\" data-id=\"97f7ce0\" data-element_type=\"widget\" data-widget_type=\"sante_core_icon_list_item.default\">\n\t\t\t\t<div class=\"elementor-widget-container\">\n\t\t\t<div class=\"qodef-icon-list-item qodef-icon--icon-pack\" >\n\t<h5 class=\"qodef-e-title\" style=\"color: #003669\">\n\t\t\t\t\t<span class=\"qodef-e-title-inner\">\n\t\t\t\t<span class=\"qodef-shortcode qodef-m  qodef-icon-holder  qodef-layout--normal \"  >\t        <span class=\"qodef-icon-linear-icons lnr-envelope lnr qodef-icon qodef-e\" style=\"color: #EA7600;font-size: 25px\" ><\/span>    <\/span>\t\t\t\t<span class=\"qodef-e-title-text\">Government Sales<\/span>\n\t\t\t<\/span>\n\t\t\t<\/h5>\n<\/div>\t\t<\/div>\n\t\t\t\t<\/div>\n\t\t\t\t<div class=\"elementor-element elementor-element-2bc207a detail-email-contact elementor-widget elementor-widget-heading\" data-id=\"2bc207a\" data-element_type=\"widget\" data-widget_type=\"heading.default\">\n\t\t\t\t<div class=\"elementor-widget-container\">\n\t\t\t<span class=\"elementor-heading-title elementor-size-small\"><a href=\"&#x6d;&#97;i&#x6c;&#x74;&#111;:&#x76;&#101;n&#x74;&#x61;&#115;_&#x6d;&#101;x&#x69;&#x63;&#111;&#64;&#x67;&#x6d;&#97;&#x69;&#x6c;&#46;c&#x6f;&#x6d;\">&#118;&#x65;&#110;&#x74;&#97;&#x73;&#95;&#x6d;&#101;&#x78;&#105;&#x63;o&#x40;g&#x6d;a&#x69;l&#x2e;c&#x6f;m<\/a><\/span>\t\t<\/div>\n\t\t\t\t<\/div>\n\t\t\t\t\t<\/div>\n\t\t<\/div>\n\t\t\t\t<div class=\"elementor-column elementor-col-50 elementor-top-column elementor-element elementor-element-55f23fc\" data-id=\"55f23fc\" data-element_type=\"column\">\n\t\t\t<div class=\"elementor-widget-wrap elementor-element-populated\">\n\t\t\t\t\t\t\t\t<div class=\"elementor-element elementor-element-64cbec7a elementor-widget elementor-widget-wp-widget-sante_core_contact_form_7\" data-id=\"64cbec7a\" data-element_type=\"widget\" data-widget_type=\"wp-widget-sante_core_contact_form_7.default\">\n\t\t\t\t<div class=\"elementor-widget-container\">\n\t\t\t\t\t\t<div class=\"qodef-contact-form-7\">\n\t\t\t\t<div role=\"form\" class=\"wpcf7\" id=\"wpcf7-f5428-o1\" lang=\"es-ES\" dir=\"ltr\">\n<div class=\"screen-reader-response\"><p role=\"status\" aria-live=\"polite\" aria-atomic=\"true\"><\/p> <ul><\/ul><\/div>\n<form action=\"\/wordpress\/index.php?rest_route=%2Fwp%2Fv2%2Fpages%2F5045#wpcf7-f5428-o1\" method=\"post\" class=\"wpcf7-form init\" novalidate=\"novalidate\" data-status=\"init\">\n<div style=\"display: none;\">\n<input type=\"hidden\" name=\"_wpcf7\" value=\"5428\" \/>\n<input type=\"hidden\" name=\"_wpcf7_version\" value=\"5.5.5\" \/>\n<input type=\"hidden\" name=\"_wpcf7_locale\" value=\"es_ES\" \/>\n<input type=\"hidden\" name=\"_wpcf7_unit_tag\" value=\"wpcf7-f5428-o1\" \/>\n<input type=\"hidden\" name=\"_wpcf7_container_post\" value=\"0\" \/>\n<input type=\"hidden\" name=\"_wpcf7_posted_data_hash\" value=\"\" \/>\n<\/div>\n<p><label>Name *<br \/>\n    <span class=\"wpcf7-form-control-wrap Name\"><input type=\"text\" name=\"Name\" value=\"\" size=\"40\" class=\"wpcf7-form-control wpcf7-text wpcf7-validates-as-required\" aria-required=\"true\" aria-invalid=\"false\" \/><\/span> <\/label><\/p>\n<p><label>Email *<br \/>\n    <span class=\"wpcf7-form-control-wrap Email\"><input type=\"email\" name=\"Email\" value=\"\" size=\"40\" class=\"wpcf7-form-control wpcf7-text wpcf7-email wpcf7-validates-as-required wpcf7-validates-as-email\" aria-required=\"true\" aria-invalid=\"false\" \/><\/span> <\/label><\/p>\n<p><label>Phone Number*<br \/>\n    <span class=\"wpcf7-form-control-wrap Phone\"><input type=\"tel\" name=\"Phone\" value=\"\" size=\"40\" class=\"wpcf7-form-control wpcf7-text wpcf7-tel wpcf7-validates-as-required wpcf7-validates-as-tel\" aria-required=\"true\" aria-invalid=\"false\" \/><\/span> <\/label><\/p>\n<p><label>Company Name<br \/>\n    <span class=\"wpcf7-form-control-wrap Company\"><input type=\"text\" name=\"Company\" value=\"\" size=\"40\" class=\"wpcf7-form-control wpcf7-text\" aria-invalid=\"false\" \/><\/span> <\/label><\/p>\n<p><label><br \/>\n    <span class=\"wpcf7-form-control-wrap Message\"><textarea name=\"Message\" cols=\"40\" rows=\"10\" class=\"wpcf7-form-control wpcf7-textarea wpcf7-validates-as-required\" aria-required=\"true\" aria-invalid=\"false\">Message...<\/textarea><\/span> <\/label><\/p>\n<div style=\"margin-top: 60px;\">\n <button type=\"submit\" class=\"wpcf7-form-control wpcf7-submit qodef-button qodef-size--normal qodef-layout--outlined qodef-html--link qodef-m\"><span class=\"qodef-button-outlined-wrapper\"><span class=\"qodef-m-text\">Send<\/span><\/span><span class=\"qodef-outlined-button-background\"><\/span><\/button>\n<\/div>\n<div class=\"wpcf7-response-output\" aria-hidden=\"true\"><\/div><\/form><\/div>\t\t\t<\/div>\n\t\t\t\t\t<\/div>\n\t\t\t\t<\/div>\n\t\t\t\t\t<\/div>\n\t\t<\/div>\n\t\t\t\t\t\t\t<\/div>\n\t\t<\/section>\n\t\t\t\t\t\t<\/div>\n\t\t\t\t\t<\/div>\n\t\t","protected":false},"excerpt":{"rendered":"<p>\/*! elementor &#8211; v3.5.5 &#8211; 03-02-2022 *\/ .elementor-widget-google_maps .elementor-widget-container{overflow:hidden}.elementor-widget-google_maps iframe{height:300px} Contact us For further information, leave us a message. Av. Paseo de la Reforma 250 Torre B, Piso 8 Ju\u00e1rez, Cuauht\u00e9moc. Cd. de M\u00e9xico C.P. 06600 (246) 4616066 Mass Sales \/*! elementor &#8211; v3.5.5 &#8211; 03-02-2022 *\/ .elementor-heading-title{padding:0;margin:0;line-height:1}.elementor-widget-heading .elementor-heading-title[class*=elementor-size-]&gt;a{color:inherit;font-size:inherit;line-height:inherit}.elementor-widget-heading .elementor-heading-title.elementor-size-small{font-size:15px}.elementor-widget-heading .elementor-heading-title.elementor-size-medium{font-size:19px}.elementor-widget-heading .elementor-heading-title.elementor-size-large{font-size:29px}.elementor-widget-heading .elementor-heading-title.elementor-size-xl{font-size:39px}.elementor-widget-heading .elementor-heading-title.elementor-size-xxl{font-size:59px}&#x76;&#101;n&#x74;&#x61;&#115;&#64;&#x67;&#x61;&#108;i&#x61;&#x74;&#101;x&#x74;&#x69;&#108;&#46;&#x63;&#111;&#109; Government [&hellip;]<\/p>\n","protected":false},"author":1,"featured_media":0,"parent":0,"menu_order":0,"comment_status":"closed","ping_status":"closed","template":"page-full-width.php","meta":[],"_links":{"self":[{"href":"https:\/\/galiatextil.com\/wordpress\/index.php?rest_route=\/wp\/v2\/pages\/5045"}],"collection":[{"href":"https:\/\/galiatextil.com\/wordpress\/index.php?rest_route=\/wp\/v2\/pages"}],"about":[{"href":"https:\/\/galiatextil.com\/wordpress\/index.php?rest_route=\/wp\/v2\/types\/page"}],"author":[{"embeddable":true,"href":"https:\/\/galiatextil.com\/wordpress\/index.php?rest_route=\/wp\/v2\/users\/1"}],"replies":[{"embeddable":true,"href":"https:\/\/galiatextil.com\/wordpress\/index.php?rest_route=%2Fwp%2Fv2%2Fcomments&post=5045"}],"version-history":[{"count":18,"href":"https:\/\/galiatextil.com\/wordpress\/index.php?rest_route=\/wp\/v2\/pages\/5045\/revisions"}],"predecessor-version":[{"id":6257,"href":"https:\/\/galiatextil.com\/wordpress\/index.php?rest_route=\/wp\/v2\/pages\/5045\/revisions\/6257"}],"wp:attachment":[{"href":"https:\/\/galiatextil.com\/wordpress\/index.php?rest_route=%2Fwp%2Fv2%2Fmedia&parent=5045"}],"curies":[{"name":"wp","href":"https:\/\/api.w.org\/{rel}","templated":true}]}}